{"id":21,"date":"2024-01-15T13:09:29","date_gmt":"2024-01-15T12:09:29","guid":{"rendered":"https:\/\/fulfillment.express24-online.de\/?page_id=21"},"modified":"2024-02-08T10:23:16","modified_gmt":"2024-02-08T09:23:16","slug":"ueber-uns","status":"publish","type":"page","link":"https:\/\/fulfillment.express24-online.de\/","title":{"rendered":"Fulfillment nach Ma\u00df &#8211; Ihre Zufriedenheit ist unser Ziel!"},"content":{"rendered":"\n<figure class=\"wp-block-image size-large is-resized\"><img loading=\"lazy\" decoding=\"async\" width=\"1024\" height=\"387\" src=\"https:\/\/fulfillment.express24-online.de\/wp-content\/uploads\/2024\/02\/express24-online_FFN07-1024x387.jpg\" alt=\"\" class=\"wp-image-233\" style=\"width:1200px;height:auto\" srcset=\"https:\/\/fulfillment.express24-online.de\/wp-content\/uploads\/2024\/02\/express24-online_FFN07-1024x387.jpg 1024w, https:\/\/fulfillment.express24-online.de\/wp-content\/uploads\/2024\/02\/express24-online_FFN07-300x113.jpg 300w, https:\/\/fulfillment.express24-online.de\/wp-content\/uploads\/2024\/02\/express24-online_FFN07-768x290.jpg 768w, https:\/\/fulfillment.express24-online.de\/wp-content\/uploads\/2024\/02\/express24-online_FFN07-1536x581.jpg 1536w, https:\/\/fulfillment.express24-online.de\/wp-content\/uploads\/2024\/02\/express24-online_FFN07.jpg 2048w\" sizes=\"auto, (max-width: 1024px) 100vw, 1024px\" \/><\/figure>\n\n\n\n<p class=\"has-medium-font-size\"><strong>Moderne Lagerhalle, effiziente Logistik, neueste Sicherheitstechnik<\/strong><\/p>\n\n\n\n<p><\/p>\n\n\n\n<p class=\"has-text-align-left\" style=\"font-size:16px\">Mit einem fundierten Verst\u00e4ndnis f\u00fcr die Bed\u00fcrfnisse erfolgreicher Onlineh\u00e4ndler pr\u00e4sentieren wir uns als etabliertes Unternehmen im E-Commerce seit 2005.<br><br><strong>Wir wissen, was Sie als Onlineh\u00e4ndler ben\u00f6tigen!<\/strong><br><br>Unsere strategische Positionierung im Technologiepark Fulda, in unmittelbarer Nachbarschaft renommierter Logistikunternehmen, bietet eine erstklassige Umgebung f\u00fcr effiziente und zuverl\u00e4ssige Logistikprozesse. Uns ist bewusst, dass nicht nur der ausgehende Versand, sondern auch der eingehende Warenfluss reibungslos funktionieren muss.<\/p>\n\n\n\n<p><strong>Einige unserer Leistungsfakten im \u00dcberblick:<\/strong><\/p>\n\n\n\n<ul class=\"wp-block-list\">\n<li>Ein erfahrenes Team arbeitet mit modernster Lagertechnik.<\/li>\n\n\n\n<li>Bei Bedarf stehen zus\u00e4tzliche Lagerfl\u00e4chen kurzfristig zur Verf\u00fcgung.<\/li>\n\n\n\n<li style=\"font-size:16px\">Ein umfassendes Sicherheitssystem gew\u00e4hrleistet die sichere Lagerung.<\/li>\n\n\n\n<li>Containerentladung per Rampe &#8211; Entladung ohne Wettereinfl\u00fcsse.<\/li>\n\n\n\n<li>Hohe Standards f\u00fcr pr\u00e4zises Fulfillment, F\u00f6rdertechnik spart Zeit und Geld.<\/li>\n\n\n\n<li>Ihre Anforderungen stehen im Fokus unserer Dienstleistungen.<\/li>\n\n\n\n<li>Wir passen uns flexibel an individuelle Lagerbed\u00fcrfnisse an.<\/li>\n\n\n\n<li>Wir sind offen f\u00fcr individuelle Anfragen und Anpassungen.<\/li>\n<\/ul>\n\n\n\n<p><\/p>\n\n\n\n<p><\/p>\n\n\n\n<p style=\"font-size:16px\">Diese Faktoren zusammen stellen sicher, dass wir nicht nur den heutigen, sondern auch den zuk\u00fcnftigen Anforderungen im E-Commerce gerecht werden. Wir setzen auf h\u00f6chste Effizienz, Sicherheit und Kundenzufriedenheit, und sind jederzeit bereit, auf Ihre individuellen Anforderungen einzugehen.<\/p>\n\n\n\n<p style=\"font-size:16px\"><strong>Wir freuen uns auf Ihre Anfrage!<\/strong><\/p>\n","protected":false},"excerpt":{"rendered":"<p>Moderne Lagerhalle, effiziente Logistik, neueste Sicherheitstechnik Mit einem fundierten Verst\u00e4ndnis f\u00fcr die Bed\u00fcrfnisse erfolgreicher Onlineh\u00e4ndler pr\u00e4sentieren wir uns als etabliertes [&hellip;]<\/p>\n","protected":false},"author":1,"featured_media":0,"parent":0,"menu_order":0,"comment_status":"closed","ping_status":"closed","template":"","meta":{"site-sidebar-layout":"default","site-content-layout":"","ast-site-content-layout":"","site-content-style":"default","site-sidebar-style":"default","ast-global-header-display":"","ast-banner-title-visibility":"","ast-main-header-display":"","ast-hfb-above-header-display":"","ast-hfb-below-header-display":"","ast-hfb-mobile-header-display":"","site-post-title":"","ast-breadcrumbs-content":"","ast-featured-img":"","footer-sml-layout":"","theme-transparent-header-meta":"","adv-header-id-meta":"","stick-header-meta":"","header-above-stick-meta":"","header-main-stick-meta":"","header-below-stick-meta":"","astra-migrate-meta-layouts":"default","ast-page-background-enabled":"default","ast-page-background-meta":{"desktop":{"background-color":"var(--ast-global-color-4)","background-image":"","background-repeat":"repeat","background-position":"center center","background-size":"auto","background-attachment":"scroll","background-type":"","background-media":"","overlay-type":"","overlay-color":"","overlay-opacity":"","overlay-gradient":""},"tablet":{"background-color":"","background-image":"","background-repeat":"repeat","background-position":"center center","background-size":"auto","background-attachment":"scroll","background-type":"","background-media":"","overlay-type":"","overlay-color":"","overlay-opacity":"","overlay-gradient":""},"mobile":{"background-color":"","background-image":"","background-repeat":"repeat","background-position":"center center","background-size":"auto","background-attachment":"scroll","background-type":"","background-media":"","overlay-type":"","overlay-color":"","overlay-opacity":"","overlay-gradient":""}},"ast-content-background-meta":{"desktop":{"background-color":"var(--ast-global-color-5)","background-image":"","background-repeat":"repeat","background-position":"center center","background-size":"auto","background-attachment":"scroll","background-type":"","background-media":"","overlay-type":"","overlay-color":"","overlay-opacity":"","overlay-gradient":""},"tablet":{"background-color":"var(--ast-global-color-5)","background-image":"","background-repeat":"repeat","background-position":"center center","background-size":"auto","background-attachment":"scroll","background-type":"","background-media":"","overlay-type":"","overlay-color":"","overlay-opacity":"","overlay-gradient":""},"mobile":{"background-color":"var(--ast-global-color-5)","background-image":"","background-repeat":"repeat","background-position":"center center","background-size":"auto","background-attachment":"scroll","background-type":"","background-media":"","overlay-type":"","overlay-color":"","overlay-opacity":"","overlay-gradient":""}},"pgc_sgb_lightbox_settings":"","footnotes":""},"class_list":["post-21","page","type-page","status-publish","hentry"],"_links":{"self":[{"href":"https:\/\/fulfillment.express24-online.de\/index.php?rest_route=\/wp\/v2\/pages\/21","targetHints":{"allow":["GET"]}}],"collection":[{"href":"https:\/\/fulfillment.express24-online.de\/index.php?rest_route=\/wp\/v2\/pages"}],"about":[{"href":"https:\/\/fulfillment.express24-online.de\/index.php?rest_route=\/wp\/v2\/types\/page"}],"author":[{"embeddable":true,"href":"https:\/\/fulfillment.express24-online.de\/index.php?rest_route=\/wp\/v2\/users\/1"}],"replies":[{"embeddable":true,"href":"https:\/\/fulfillment.express24-online.de\/index.php?rest_route=%2Fwp%2Fv2%2Fcomments&post=21"}],"version-history":[{"count":10,"href":"https:\/\/fulfillment.express24-online.de\/index.php?rest_route=\/wp\/v2\/pages\/21\/revisions"}],"predecessor-version":[{"id":235,"href":"https:\/\/fulfillment.express24-online.de\/index.php?rest_route=\/wp\/v2\/pages\/21\/revisions\/235"}],"wp:attachment":[{"href":"https:\/\/fulfillment.express24-online.de\/index.php?rest_route=%2Fwp%2Fv2%2Fmedia&parent=21"}],"curies":[{"name":"wp","href":"https:\/\/api.w.org\/{rel}","templated":true}]}}